{"id":11691,"date":"2019-11-04T09:15:50","date_gmt":"2019-11-04T08:15:50","guid":{"rendered":"https:\/\/www.repabad.com\/?page_id=11691"},"modified":"2022-12-15T14:13:06","modified_gmt":"2022-12-15T13:13:06","slug":"site-notice","status":"publish","type":"page","link":"https:\/\/www.repabad.com\/en\/site-notice\/","title":{"rendered":"Site Notice"},"content":{"rendered":"<div class=\"fusion-fullwidth fullwidth-box fusion-builder-row-1 nonhundred-percent-fullwidth non-hundred-percent-height-scrolling\" style=\"--awb-border-radius-top-left:0px;--awb-border-radius-top-right:0px;--awb-border-radius-bottom-right:0px;--awb-border-radius-bottom-left:0px;--awb-flex-wrap:wrap;\" ><div class=\"fusion-builder-row fusion-row\"><div class=\"fusion-layout-column fusion_builder_column fusion-builder-column-0 fusion_builder_column_1_1 1_1 fusion-one-full fusion-column-first fusion-column-last\" style=\"--awb-bg-size:cover;\"><div class=\"fusion-column-wrapper fusion-flex-column-wrapper-legacy\"><h1>Site Notice<\/h1>\n\n<h3>Information pursuant to \u00a7 5 TMG<\/h3>\n<p>repaBAD GmbH<br \/>\nBosslerstra\u00dfe 13-15<br \/>\n73240 Wendlingen<\/p>\n\n<p>Handelsregister: Amtsgericht Stuttgart<br \/>\nRegistration court: HRB 223374<\/p>\n\n<p><strong>Represented by the managing director:<\/strong><br \/>\nGunther Stolz Dipl. BW<\/p>\n\n<h3>Contact<\/h3>\n<p>Phone: +49 (0) 70 24 \/ 94 11 0<br \/>\nTelefax: +49 (0) 70 24 \/ 94 11 30<br \/>\nE-mail: info@repabad.com<\/p>\n\n<h3>VAT ID<\/h3>\n<p>Sales tax identification number according to \u00a7 27 a of the Sales Tax Law:<br \/>\nDE 147 844 700<\/p>\n\n<h3>Terms of Service<\/h3>\n<p>Click here for our <a href=\"https:\/\/www.repabad.com\/wp-content\/uploads\/2019\/07\/agb-repabad-2019.pdf\">terms and conditions<\/a><\/p>\n  \n<h3>EU dispute resolution<\/h3>\n<p>The European Commission provides a platform for online dispute resolution (ODR): <a href=\"https:\/\/ec.europa.eu\/consumers\/odr\" target=\"_blank\" rel=\"noopener\">https:\/\/ec.europa.eu\/consumers\/odr<\/a>.<br \/> Our e-mail address can be found above in the site notice.<\/p>\n\n<p>We are not willing or obliged to participate in dispute resolution proceedings before a consumer arbitration board.<\/p>\n\n<h3>Liability for Contents<\/h3> <p>As service providers, we are liable for own contents of these websites according to Sec. 7, paragraph 1 German Telemedia Act (TMG). However, according to Sec. 8 to 10 German Telemedia Act (TMG), service providers are not obligated to permanently monitor submitted or stored information or to search for evidences that indicate illegal activities.<\/p> <p>Legal obligations to removing information or to blocking the use of information remain unchallenged. In this case, liability is only possible at the time of knowledge about a specific violation of law. Illegal contents will be removed immediately at the time we get knowledge of them.<\/p> <h3>Liability for Links<\/h3> <p>Our offer includes links to external third party websites. We have no influence on the contents of those websites, therefore we cannot guarantee for those contents. Providers or administrators of linked websites are always responsible for their own contents.<\/p> <p>The linked websites had been checked for possible violations of law at the time of the establishment of the link. Illegal contents were not detected at the time of the linking. A permanent monitoring of the contents of linked websites cannot be imposed without reasonable indications that there has been a violation of law. Illegal links will be removed immediately at the time we get knowledge of them.<\/p> <h3>Copyright<\/h3> <p>Contents and compilations published on these websites by the providers are subject to German copyright laws. Reproduction, editing, distribution as well as the use of any kind outside the scope of the copyright law require a written permission of the author or originator. Downloads and copies of these websites are permitted for private use only.<br \/> The commercial use of our contents without permission of the originator is prohibited.<\/p> <p>Copyright laws of third parties are respected as long as the contents on these websites do not originate from the provider. Contributions of third parties on this site are indicated as such. However, if you notice any violations of copyright law, please inform us. Such contents will be removed immediately.<\/p>\n\n<h3>Realization<\/h3>\n<p>Webdesign, programming and search engine optimization by the <a href=\"https:\/\/www.agentur-anmut.de\/\">internet agency Stuttgart<\/a> Agentur Anmut GmbH.<\/p><div class=\"fusion-clearfix\"><\/div><\/div><\/div><\/div><\/div>\n","protected":false},"excerpt":{"rendered":"","protected":false},"author":1,"featured_media":11996,"parent":0,"menu_order":0,"comment_status":"closed","ping_status":"closed","template":"100-width.php","meta":{"_acf_changed":false,"footnotes":""},"class_list":["post-11691","page","type-page","status-publish","has-post-thumbnail","hentry"],"acf":[],"yoast_head":"<!-- This site is optimized with the Yoast SEO plugin v27.3 - https:\/\/yoast.com\/product\/yoast-seo-wordpress\/ -->\n<title>Imprint and contact details of the whirlpool bathtub manufacturer<\/title>\n<meta name=\"description\" content=\"Here you can find detailed information and contact details about us as a manufacturer of bath stools, showers and bathtubs.\" \/>\n<meta name=\"robots\" content=\"index, follow, max-snippet:-1, max-image-preview:large, max-video-preview:-1\" \/>\n<link rel=\"canonical\" href=\"https:\/\/www.repabad.com\/en\/site-notice\/\" \/>\n<meta property=\"og:locale\" content=\"en_US\" \/>\n<meta property=\"og:type\" content=\"article\" \/>\n<meta property=\"og:title\" content=\"Imprint and contact details of the whirlpool bathtub manufacturer\" \/>\n<meta property=\"og:description\" content=\"Here you can find detailed information and contact details about us as a manufacturer of bath stools, showers and bathtubs.\" \/>\n<meta property=\"og:url\" content=\"https:\/\/www.repabad.com\/en\/site-notice\/\" \/>\n<meta property=\"og:site_name\" content=\"repaBAD\" \/>\n<meta property=\"article:modified_time\" content=\"2022-12-15T13:13:06+00:00\" \/>\n<meta property=\"og:image\" content=\"https:\/\/www.repabad.com\/wp-content\/uploads\/2020\/01\/objektreportage-badezimmer-wohlfuehlen-waschtisch.jpg\" \/>\n\t<meta property=\"og:image:width\" content=\"1280\" \/>\n\t<meta property=\"og:image:height\" content=\"850\" \/>\n\t<meta property=\"og:image:type\" content=\"image\/jpeg\" \/>\n<meta name=\"twitter:card\" content=\"summary_large_image\" \/>\n<meta name=\"twitter:label1\" content=\"Est. reading time\" \/>\n\t<meta name=\"twitter:data1\" content=\"1 minute\" \/>\n<script type=\"application\/ld+json\" class=\"yoast-schema-graph\">{\"@context\":\"https:\\\/\\\/schema.org\",\"@graph\":[{\"@type\":\"WebPage\",\"@id\":\"https:\\\/\\\/www.repabad.com\\\/en\\\/site-notice\\\/\",\"url\":\"https:\\\/\\\/www.repabad.com\\\/en\\\/site-notice\\\/\",\"name\":\"Imprint and contact details of the whirlpool bathtub manufacturer\",\"isPartOf\":{\"@id\":\"https:\\\/\\\/www.repabad.com\\\/en\\\/#website\"},\"primaryImageOfPage\":{\"@id\":\"https:\\\/\\\/www.repabad.com\\\/en\\\/site-notice\\\/#primaryimage\"},\"image\":{\"@id\":\"https:\\\/\\\/www.repabad.com\\\/en\\\/site-notice\\\/#primaryimage\"},\"thumbnailUrl\":\"https:\\\/\\\/www.repabad.com\\\/wp-content\\\/uploads\\\/2020\\\/01\\\/objektreportage-badezimmer-wohlfuehlen-waschtisch.jpg\",\"datePublished\":\"2019-11-04T08:15:50+00:00\",\"dateModified\":\"2022-12-15T13:13:06+00:00\",\"description\":\"Here you can find detailed information and contact details about us as a manufacturer of bath stools, showers and bathtubs.\",\"breadcrumb\":{\"@id\":\"https:\\\/\\\/www.repabad.com\\\/en\\\/site-notice\\\/#breadcrumb\"},\"inLanguage\":\"en-US\",\"potentialAction\":[{\"@type\":\"ReadAction\",\"target\":[\"https:\\\/\\\/www.repabad.com\\\/en\\\/site-notice\\\/\"]}]},{\"@type\":\"ImageObject\",\"inLanguage\":\"en-US\",\"@id\":\"https:\\\/\\\/www.repabad.com\\\/en\\\/site-notice\\\/#primaryimage\",\"url\":\"https:\\\/\\\/www.repabad.com\\\/wp-content\\\/uploads\\\/2020\\\/01\\\/objektreportage-badezimmer-wohlfuehlen-waschtisch.jpg\",\"contentUrl\":\"https:\\\/\\\/www.repabad.com\\\/wp-content\\\/uploads\\\/2020\\\/01\\\/objektreportage-badezimmer-wohlfuehlen-waschtisch.jpg\",\"width\":1280,\"height\":850,\"caption\":\"Modernes Badezimmer zum Wohlf\u00fchlen mit gro\u00dfem Spiegel, Aufsatzwaschbecken auf Holztresen und minimalistischer Deko wie Pampasgras, Kerze und Handtuch. Neutrale T\u00f6ne und klare Linien sorgen f\u00fcr einen stilvollen, entspannten Look.\"},{\"@type\":\"BreadcrumbList\",\"@id\":\"https:\\\/\\\/www.repabad.com\\\/en\\\/site-notice\\\/#breadcrumb\",\"itemListElement\":[{\"@type\":\"ListItem\",\"position\":1,\"name\":\"Startseite\",\"item\":\"https:\\\/\\\/www.repabad.com\\\/en\\\/\"},{\"@type\":\"ListItem\",\"position\":2,\"name\":\"Site Notice\"}]},{\"@type\":\"WebSite\",\"@id\":\"https:\\\/\\\/www.repabad.com\\\/en\\\/#website\",\"url\":\"https:\\\/\\\/www.repabad.com\\\/en\\\/\",\"name\":\"repaBAD\",\"description\":\"Hochwertige Sanit\u00e4rausstattung f\u00fcr Ihr Bad\",\"potentialAction\":[{\"@type\":\"SearchAction\",\"target\":{\"@type\":\"EntryPoint\",\"urlTemplate\":\"https:\\\/\\\/www.repabad.com\\\/en\\\/?s={search_term_string}\"},\"query-input\":{\"@type\":\"PropertyValueSpecification\",\"valueRequired\":true,\"valueName\":\"search_term_string\"}}],\"inLanguage\":\"en-US\"}]}<\/script>\n<!-- \/ Yoast SEO plugin. -->","yoast_head_json":{"title":"Imprint and contact details of the whirlpool bathtub manufacturer","description":"Here you can find detailed information and contact details about us as a manufacturer of bath stools, showers and bathtubs.","robots":{"index":"index","follow":"follow","max-snippet":"max-snippet:-1","max-image-preview":"max-image-preview:large","max-video-preview":"max-video-preview:-1"},"canonical":"https:\/\/www.repabad.com\/en\/site-notice\/","og_locale":"en_US","og_type":"article","og_title":"Imprint and contact details of the whirlpool bathtub manufacturer","og_description":"Here you can find detailed information and contact details about us as a manufacturer of bath stools, showers and bathtubs.","og_url":"https:\/\/www.repabad.com\/en\/site-notice\/","og_site_name":"repaBAD","article_modified_time":"2022-12-15T13:13:06+00:00","og_image":[{"width":1280,"height":850,"url":"https:\/\/www.repabad.com\/wp-content\/uploads\/2020\/01\/objektreportage-badezimmer-wohlfuehlen-waschtisch.jpg","type":"image\/jpeg"}],"twitter_card":"summary_large_image","twitter_misc":{"Est. reading time":"1 minute"},"schema":{"@context":"https:\/\/schema.org","@graph":[{"@type":"WebPage","@id":"https:\/\/www.repabad.com\/en\/site-notice\/","url":"https:\/\/www.repabad.com\/en\/site-notice\/","name":"Imprint and contact details of the whirlpool bathtub manufacturer","isPartOf":{"@id":"https:\/\/www.repabad.com\/en\/#website"},"primaryImageOfPage":{"@id":"https:\/\/www.repabad.com\/en\/site-notice\/#primaryimage"},"image":{"@id":"https:\/\/www.repabad.com\/en\/site-notice\/#primaryimage"},"thumbnailUrl":"https:\/\/www.repabad.com\/wp-content\/uploads\/2020\/01\/objektreportage-badezimmer-wohlfuehlen-waschtisch.jpg","datePublished":"2019-11-04T08:15:50+00:00","dateModified":"2022-12-15T13:13:06+00:00","description":"Here you can find detailed information and contact details about us as a manufacturer of bath stools, showers and bathtubs.","breadcrumb":{"@id":"https:\/\/www.repabad.com\/en\/site-notice\/#breadcrumb"},"inLanguage":"en-US","potentialAction":[{"@type":"ReadAction","target":["https:\/\/www.repabad.com\/en\/site-notice\/"]}]},{"@type":"ImageObject","inLanguage":"en-US","@id":"https:\/\/www.repabad.com\/en\/site-notice\/#primaryimage","url":"https:\/\/www.repabad.com\/wp-content\/uploads\/2020\/01\/objektreportage-badezimmer-wohlfuehlen-waschtisch.jpg","contentUrl":"https:\/\/www.repabad.com\/wp-content\/uploads\/2020\/01\/objektreportage-badezimmer-wohlfuehlen-waschtisch.jpg","width":1280,"height":850,"caption":"Modernes Badezimmer zum Wohlf\u00fchlen mit gro\u00dfem Spiegel, Aufsatzwaschbecken auf Holztresen und minimalistischer Deko wie Pampasgras, Kerze und Handtuch. Neutrale T\u00f6ne und klare Linien sorgen f\u00fcr einen stilvollen, entspannten Look."},{"@type":"BreadcrumbList","@id":"https:\/\/www.repabad.com\/en\/site-notice\/#breadcrumb","itemListElement":[{"@type":"ListItem","position":1,"name":"Startseite","item":"https:\/\/www.repabad.com\/en\/"},{"@type":"ListItem","position":2,"name":"Site Notice"}]},{"@type":"WebSite","@id":"https:\/\/www.repabad.com\/en\/#website","url":"https:\/\/www.repabad.com\/en\/","name":"repaBAD","description":"Hochwertige Sanit\u00e4rausstattung f\u00fcr Ihr Bad","potentialAction":[{"@type":"SearchAction","target":{"@type":"EntryPoint","urlTemplate":"https:\/\/www.repabad.com\/en\/?s={search_term_string}"},"query-input":{"@type":"PropertyValueSpecification","valueRequired":true,"valueName":"search_term_string"}}],"inLanguage":"en-US"}]}},"_links":{"self":[{"href":"https:\/\/www.repabad.com\/en\/wp-json\/wp\/v2\/pages\/11691","targetHints":{"allow":["GET"]}}],"collection":[{"href":"https:\/\/www.repabad.com\/en\/wp-json\/wp\/v2\/pages"}],"about":[{"href":"https:\/\/www.repabad.com\/en\/wp-json\/wp\/v2\/types\/page"}],"author":[{"embeddable":true,"href":"https:\/\/www.repabad.com\/en\/wp-json\/wp\/v2\/users\/1"}],"replies":[{"embeddable":true,"href":"https:\/\/www.repabad.com\/en\/wp-json\/wp\/v2\/comments?post=11691"}],"version-history":[{"count":3,"href":"https:\/\/www.repabad.com\/en\/wp-json\/wp\/v2\/pages\/11691\/revisions"}],"predecessor-version":[{"id":24355,"href":"https:\/\/www.repabad.com\/en\/wp-json\/wp\/v2\/pages\/11691\/revisions\/24355"}],"wp:featuredmedia":[{"embeddable":true,"href":"https:\/\/www.repabad.com\/en\/wp-json\/wp\/v2\/media\/11996"}],"wp:attachment":[{"href":"https:\/\/www.repabad.com\/en\/wp-json\/wp\/v2\/media?parent=11691"}],"curies":[{"name":"wp","href":"https:\/\/api.w.org\/{rel}","templated":true}]}}